{"id":2031,"date":"2025-02-12T10:06:50","date_gmt":"2025-02-12T09:06:50","guid":{"rendered":"https:\/\/beachvalencia.com\/disfruta-valencia\/"},"modified":"2025-05-13T17:33:22","modified_gmt":"2025-05-13T15:33:22","slug":"enjoy-valencia","status":"publish","type":"page","link":"https:\/\/beachvalencia.com\/en\/enjoy-valencia\/","title":{"rendered":"Enjoy Valencia"},"content":{"rendered":"\t\t<div data-elementor-type=\"wp-page\" data-elementor-id=\"2031\" class=\"elementor elementor-2031 elementor-899\">\n\t\t\t\t<div class=\"elementor-element elementor-element-8f39127 e-flex e-con-boxed e-con e-parent\" data-id=\"8f39127\" data-element_type=\"container\">\n\t\t\t\t\t<div class=\"e-con-inner\">\n\t\t\t\t<div class=\"elementor-element elementor-element-3110858 elementor-widget elementor-widget-text-editor\" data-id=\"3110858\" data-element_type=\"widget\" data-widget_type=\"text-editor.default\">\n\t\t\t\t<div class=\"elementor-widget-container\">\n\t\t\t\t\t\t\t\t\t<p>Si buscas el mejor destino para unas vacaciones junto al mar, Valencia es una elecci\u00f3n perfecta. Sus playas de arena fina, su clima mediterr\u00e1neo y su oferta de actividades para adultos y ni\u00f1os la convierten en una ciudad ideal para disfrutar en cualquier \u00e9poca del a\u00f1o.<\/p>\n<p>Adem\u00e1s, si est\u00e1s organizando tu viaje, la mejor opci\u00f3n de alojamiento es optar por un <strong>alquiler de apartamentos en la playa<\/strong>. Con la comodidad de un hogar y la libertad de moverte a tu ritmo, nuestros <strong>apartamentos en Valencia<\/strong> est\u00e1n pensados para que tu familia o tu grupo de amigos y amigas tenga una estancia inolvidable.<\/p>\n\t\t\t\t\t\t\t\t<\/div>\n\t\t\t\t<\/div>\n\t\t\t\t\t<\/div>\n\t\t\t\t<\/div>\n\t\t<div class=\"elementor-element elementor-element-7e78ec7 e-flex e-con-boxed e-con e-parent\" data-id=\"7e78ec7\" data-element_type=\"container\" data-settings=\"{&quot;background_background&quot;:&quot;classic&quot;}\">\n\t\t\t\t\t<div class=\"e-con-inner\">\n\t\t<div class=\"elementor-element elementor-element-0012258 e-con-full animated-fast e-flex elementor-invisible e-con e-child\" data-id=\"0012258\" data-element_type=\"container\" data-settings=\"{&quot;animation&quot;:&quot;fadeInUp&quot;,&quot;animation_delay&quot;:300}\">\n\t\t\t\t<div class=\"elementor-element elementor-element-fcb5210 elementor-position-top elementor-widget elementor-widget-image-box\" data-id=\"fcb5210\" data-element_type=\"widget\" data-widget_type=\"image-box.default\">\n\t\t\t\t<div class=\"elementor-widget-container\">\n\t\t\t\t\t<div class=\"elementor-image-box-wrapper\"><figure class=\"elementor-image-box-img\"><a href=\"https:\/\/beachvalencia.com\/en\/enjoy-valencia\/beaches-of-valencia-sun-sand-and-relaxation\/\" tabindex=\"-1\"><img decoding=\"async\" src=\"https:\/\/beachvalencia.com\/wp-content\/uploads\/elementor\/thumbs\/playa-valencia-r2r007etd4gzbldfecxdzj60wfno0yfesfrhabffjk.jpg\" title=\"playa valencia\" alt=\"playa valencia\" loading=\"lazy\" \/><\/a><\/figure><div class=\"elementor-image-box-content\"><h3 class=\"elementor-image-box-title\"><a href=\"https:\/\/beachvalencia.com\/en\/enjoy-valencia\/beaches-of-valencia-sun-sand-and-relaxation\/\">Playas de Valencia: Sol, Arena y Relax<\/a><\/h3><\/div><\/div>\t\t\t\t<\/div>\n\t\t\t\t<\/div>\n\t\t\t\t<\/div>\n\t\t<div class=\"elementor-element elementor-element-c052147 e-con-full animated-fast e-flex elementor-invisible e-con e-child\" data-id=\"c052147\" data-element_type=\"container\" data-settings=\"{&quot;animation&quot;:&quot;fadeInUp&quot;,&quot;animation_delay&quot;:600}\">\n\t\t\t\t<div class=\"elementor-element elementor-element-b4935f1 elementor-position-top elementor-widget elementor-widget-image-box\" data-id=\"b4935f1\" data-element_type=\"widget\" data-widget_type=\"image-box.default\">\n\t\t\t\t<div class=\"elementor-widget-container\">\n\t\t\t\t\t<div class=\"elementor-image-box-wrapper\"><figure class=\"elementor-image-box-img\"><a href=\"https:\/\/beachvalencia.com\/en\/enjoy-valencia\/sports-and-activities-at-the-beach\/\" tabindex=\"-1\"><img decoding=\"async\" src=\"https:\/\/beachvalencia.com\/wp-content\/uploads\/elementor\/thumbs\/kite-sur-r2r06yv0j7q8uljsws5rfbqer8bqek9w1wq8kzegs0.jpg\" title=\"kite sur\" alt=\"kite sur\" loading=\"lazy\" \/><\/a><\/figure><div class=\"elementor-image-box-content\"><h3 class=\"elementor-image-box-title\"><a href=\"https:\/\/beachvalencia.com\/en\/enjoy-valencia\/sports-and-activities-at-the-beach\/\">Deportes y actividades en la playa<\/a><\/h3><\/div><\/div>\t\t\t\t<\/div>\n\t\t\t\t<\/div>\n\t\t\t\t<\/div>\n\t\t<div class=\"elementor-element elementor-element-dbb6095 e-con-full animated-fast e-flex elementor-invisible e-con e-child\" data-id=\"dbb6095\" data-element_type=\"container\" data-settings=\"{&quot;animation&quot;:&quot;fadeInUp&quot;,&quot;animation_delay&quot;:900}\">\n\t\t\t\t<div class=\"elementor-element elementor-element-6e2dd60 elementor-position-top elementor-widget elementor-widget-image-box\" data-id=\"6e2dd60\" data-element_type=\"widget\" data-widget_type=\"image-box.default\">\n\t\t\t\t<div class=\"elementor-widget-container\">\n\t\t\t\t\t<div class=\"elementor-image-box-wrapper\"><figure class=\"elementor-image-box-img\"><a href=\"https:\/\/beachvalencia.com\/en\/enjoy-valencia\/what-to-visit-in-valencia\/\" tabindex=\"-1\"><img decoding=\"async\" src=\"https:\/\/beachvalencia.com\/wp-content\/uploads\/elementor\/thumbs\/hemisferic-6969564_1280-r1gbic6nw5g9trwfgbmpcgi9j7y18f363sn5q67wq8.jpg\" title=\"\" alt=\"Apartamentos tur\u00edsticos Valencia ciudad de las artes y las ciencias\" loading=\"lazy\" \/><\/a><\/figure><div class=\"elementor-image-box-content\"><h3 class=\"elementor-image-box-title\"><a href=\"https:\/\/beachvalencia.com\/en\/enjoy-valencia\/what-to-visit-in-valencia\/\">Qu\u00e9 visitar en Valencia: cultura y ocio<\/a><\/h3><\/div><\/div>\t\t\t\t<\/div>\n\t\t\t\t<\/div>\n\t\t\t\t<\/div>\n\t\t\t\t\t<\/div>\n\t\t\t\t<\/div>\n\t\t<div class=\"elementor-element elementor-element-0613386 e-flex e-con-boxed e-con e-parent\" data-id=\"0613386\" data-element_type=\"container\" data-settings=\"{&quot;background_background&quot;:&quot;classic&quot;}\">\n\t\t\t\t\t<div class=\"e-con-inner\">\n\t\t<div class=\"elementor-element elementor-element-0aadee1 e-con-full animated-fast e-flex elementor-invisible e-con e-child\" data-id=\"0aadee1\" data-element_type=\"container\" data-settings=\"{&quot;animation&quot;:&quot;fadeInUp&quot;,&quot;animation_delay&quot;:300}\">\n\t\t\t\t<div class=\"elementor-element elementor-element-a49c175 elementor-position-top elementor-widget elementor-widget-image-box\" data-id=\"a49c175\" data-element_type=\"widget\" data-widget_type=\"image-box.default\">\n\t\t\t\t<div class=\"elementor-widget-container\">\n\t\t\t\t\t<div class=\"elementor-image-box-wrapper\"><figure class=\"elementor-image-box-img\"><a href=\"https:\/\/beachvalencia.com\/en\/enjoy-valencia\/nature-and-excursions-discover-the-albufera\/\" tabindex=\"-1\"><img decoding=\"async\" src=\"https:\/\/beachvalencia.com\/wp-content\/uploads\/elementor\/thumbs\/albufera-valencia-r2r01crppu1lifpcousz18qb1dztfmzlm4guehq3xs.jpg\" title=\"albufera valencia\" alt=\"albufera valencia\" loading=\"lazy\" \/><\/a><\/figure><div class=\"elementor-image-box-content\"><h3 class=\"elementor-image-box-title\"><a href=\"https:\/\/beachvalencia.com\/en\/enjoy-valencia\/nature-and-excursions-discover-the-albufera\/\">Naturaleza y Excursiones: Descubre la Albufera<\/a><\/h3><\/div><\/div>\t\t\t\t<\/div>\n\t\t\t\t<\/div>\n\t\t\t\t<\/div>\n\t\t<div class=\"elementor-element elementor-element-b77c583 e-con-full animated-fast e-flex elementor-invisible e-con e-child\" data-id=\"b77c583\" data-element_type=\"container\" data-settings=\"{&quot;animation&quot;:&quot;fadeInUp&quot;,&quot;animation_delay&quot;:600}\">\n\t\t\t\t<div class=\"elementor-element elementor-element-b0df934 elementor-position-top elementor-widget elementor-widget-image-box\" data-id=\"b0df934\" data-element_type=\"widget\" data-widget_type=\"image-box.default\">\n\t\t\t\t<div class=\"elementor-widget-container\">\n\t\t\t\t\t<div class=\"elementor-image-box-wrapper\"><figure class=\"elementor-image-box-img\"><a href=\"https:\/\/beachvalencia.com\/en\/enjoy-valencia\/transportation-how-to-get-around-valencia-and-reach-the-beaches\/\" tabindex=\"-1\"><img decoding=\"async\" src=\"https:\/\/beachvalencia.com\/wp-content\/uploads\/elementor\/thumbs\/14e52b44-c2eb-49b0-afae-afc28ed4a3c3_alta-libre-aspect-ratio_default_0-r1gbhx58usvoo0i9w54o8kaw1205t9fgpq7e1qu7hs.jpg\" title=\"\" alt=\"Apartamentos tur\u00edsticos Valencia transporte\" loading=\"lazy\" \/><\/a><\/figure><div class=\"elementor-image-box-content\"><h3 class=\"elementor-image-box-title\"><a href=\"https:\/\/beachvalencia.com\/en\/enjoy-valencia\/transportation-how-to-get-around-valencia-and-reach-the-beaches\/\">Transporte: c\u00f3mo moverse en Valencia y llegar a las playas<\/a><\/h3><\/div><\/div>\t\t\t\t<\/div>\n\t\t\t\t<\/div>\n\t\t\t\t<\/div>\n\t\t<div class=\"elementor-element elementor-element-8bb1fb1 e-con-full animated-fast e-flex elementor-invisible e-con e-child\" data-id=\"8bb1fb1\" data-element_type=\"container\" data-settings=\"{&quot;animation&quot;:&quot;fadeInUp&quot;,&quot;animation_delay&quot;:900}\">\n\t\t\t\t<div class=\"elementor-element elementor-element-2aa75e2 elementor-position-top elementor-widget elementor-widget-image-box\" data-id=\"2aa75e2\" data-element_type=\"widget\" data-widget_type=\"image-box.default\">\n\t\t\t\t<div class=\"elementor-widget-container\">\n\t\t\t\t\t<div class=\"elementor-image-box-wrapper\"><figure class=\"elementor-image-box-img\"><a href=\"https:\/\/beachvalencia.com\/en\/enjoy-valencia\/where-to-stay-in-valencia-rent-your-apartment\/\" tabindex=\"-1\"><img decoding=\"async\" src=\"https:\/\/beachvalencia.com\/wp-content\/uploads\/elementor\/thumbs\/WEC5F1-r3t0s07mrjbry9ivc3esmyevz1iejfxs904lp1pils.jpg\" title=\"_WEC5F~1\" alt=\"Apartamento con terraza y vistas al mar A40-13\" loading=\"lazy\" \/><\/a><\/figure><div class=\"elementor-image-box-content\"><h3 class=\"elementor-image-box-title\"><a href=\"https:\/\/beachvalencia.com\/en\/enjoy-valencia\/where-to-stay-in-valencia-rent-your-apartment\/\">D\u00f3nde Alojarse en Valencia: Alquila tu Apartamento<\/a><\/h3><\/div><\/div>\t\t\t\t<\/div>\n\t\t\t\t<\/div>\n\t\t\t\t<\/div>\n\t\t\t\t\t<\/div>\n\t\t\t\t<\/div>\n\t\t\t\t<\/div>\n\t\t","protected":false},"excerpt":{"rendered":"<p>Si buscas el mejor destino para unas vacaciones junto al mar, Valencia es una elecci\u00f3n perfecta. Sus playas de arena fina, su clima mediterr\u00e1neo y su oferta de actividades para adultos y ni\u00f1os la convierten en una ciudad ideal para disfrutar en cualquier \u00e9poca del a\u00f1o. Adem\u00e1s, si est\u00e1s organizando tu viaje, la mejor opci\u00f3n&#8230;<\/p>\n","protected":false},"author":1,"featured_media":0,"parent":0,"menu_order":0,"comment_status":"closed","ping_status":"closed","template":"","meta":{"_acf_changed":false,"_kad_post_transparent":"default","_kad_post_title":"above","_kad_post_layout":"fullwidth","_kad_post_sidebar_id":"","_kad_post_content_style":"unboxed","_kad_post_vertical_padding":"hide","_kad_post_feature":"hide","_kad_post_feature_position":"","_kad_post_header":false,"_kad_post_footer":false,"footnotes":""},"class_list":["post-2031","page","type-page","status-publish","hentry"],"acf":[],"yoast_head":"<!-- This site is optimized with the Yoast SEO plugin v25.4 - https:\/\/yoast.com\/wordpress\/plugins\/seo\/ -->\n<title>Enjoy Valencia - Beach Valencia<\/title>\n<meta name=\"robots\" content=\"index, follow, max-snippet:-1, max-image-preview:large, max-video-preview:-1\" \/>\n<link rel=\"canonical\" href=\"https:\/\/beachvalencia.com\/en\/enjoy-valencia\/\" \/>\n<meta property=\"og:locale\" content=\"en_US\" \/>\n<meta property=\"og:type\" content=\"article\" \/>\n<meta property=\"og:title\" content=\"Enjoy Valencia - Beach Valencia\" \/>\n<meta property=\"og:description\" content=\"Si buscas el mejor destino para unas vacaciones junto al mar, Valencia es una elecci\u00f3n perfecta. Sus playas de arena fina, su clima mediterr\u00e1neo y su oferta de actividades para adultos y ni\u00f1os la convierten en una ciudad ideal para disfrutar en cualquier \u00e9poca del a\u00f1o. Adem\u00e1s, si est\u00e1s organizando tu viaje, la mejor opci\u00f3n...\" \/>\n<meta property=\"og:url\" content=\"https:\/\/beachvalencia.com\/en\/enjoy-valencia\/\" \/>\n<meta property=\"og:site_name\" content=\"Beach Valencia\" \/>\n<meta property=\"article:modified_time\" content=\"2025-05-13T15:33:22+00:00\" \/>\n<meta property=\"og:image\" content=\"https:\/\/beachvalencia.com\/wp-content\/uploads\/elementor\/thumbs\/playa-valencia-r2r007etd4gzbldfecxdzj60wfno0yfesfrhabffjk.jpg\" \/>\n<meta name=\"twitter:card\" content=\"summary_large_image\" \/>\n<meta name=\"twitter:label1\" content=\"Est. reading time\" \/>\n\t<meta name=\"twitter:data1\" content=\"2 minutes\" \/>\n<script type=\"application\/ld+json\" class=\"yoast-schema-graph\">{\"@context\":\"https:\/\/schema.org\",\"@graph\":[{\"@type\":\"WebPage\",\"@id\":\"https:\/\/beachvalencia.com\/en\/enjoy-valencia\/\",\"url\":\"https:\/\/beachvalencia.com\/en\/enjoy-valencia\/\",\"name\":\"Enjoy Valencia - Beach Valencia\",\"isPartOf\":{\"@id\":\"https:\/\/beachvalencia.com\/#website\"},\"primaryImageOfPage\":{\"@id\":\"https:\/\/beachvalencia.com\/en\/enjoy-valencia\/#primaryimage\"},\"image\":{\"@id\":\"https:\/\/beachvalencia.com\/en\/enjoy-valencia\/#primaryimage\"},\"thumbnailUrl\":\"https:\/\/beachvalencia.com\/wp-content\/uploads\/elementor\/thumbs\/playa-valencia-r2r007etd4gzbldfecxdzj60wfno0yfesfrhabffjk.jpg\",\"datePublished\":\"2025-02-12T09:06:50+00:00\",\"dateModified\":\"2025-05-13T15:33:22+00:00\",\"breadcrumb\":{\"@id\":\"https:\/\/beachvalencia.com\/en\/enjoy-valencia\/#breadcrumb\"},\"inLanguage\":\"en-US\",\"potentialAction\":[{\"@type\":\"ReadAction\",\"target\":[\"https:\/\/beachvalencia.com\/en\/enjoy-valencia\/\"]}]},{\"@type\":\"ImageObject\",\"inLanguage\":\"en-US\",\"@id\":\"https:\/\/beachvalencia.com\/en\/enjoy-valencia\/#primaryimage\",\"url\":\"https:\/\/beachvalencia.com\/wp-content\/uploads\/elementor\/thumbs\/playa-valencia-r2r007etd4gzbldfecxdzj60wfno0yfesfrhabffjk.jpg\",\"contentUrl\":\"https:\/\/beachvalencia.com\/wp-content\/uploads\/elementor\/thumbs\/playa-valencia-r2r007etd4gzbldfecxdzj60wfno0yfesfrhabffjk.jpg\"},{\"@type\":\"BreadcrumbList\",\"@id\":\"https:\/\/beachvalencia.com\/en\/enjoy-valencia\/#breadcrumb\",\"itemListElement\":[{\"@type\":\"ListItem\",\"position\":1,\"name\":\"Portada\",\"item\":\"https:\/\/beachvalencia.com\/en\/\"},{\"@type\":\"ListItem\",\"position\":2,\"name\":\"Enjoy Valencia\"}]},{\"@type\":\"WebSite\",\"@id\":\"https:\/\/beachvalencia.com\/#website\",\"url\":\"https:\/\/beachvalencia.com\/\",\"name\":\"Beach Valencia Luxury\",\"description\":\"Servicios vacacionales\",\"publisher\":{\"@id\":\"https:\/\/beachvalencia.com\/#organization\"},\"potentialAction\":[{\"@type\":\"SearchAction\",\"target\":{\"@type\":\"EntryPoint\",\"urlTemplate\":\"https:\/\/beachvalencia.com\/?s={search_term_string}\"},\"query-input\":{\"@type\":\"PropertyValueSpecification\",\"valueRequired\":true,\"valueName\":\"search_term_string\"}}],\"inLanguage\":\"en-US\"},{\"@type\":\"Organization\",\"@id\":\"https:\/\/beachvalencia.com\/#organization\",\"name\":\"Beach Valencia\",\"url\":\"https:\/\/beachvalencia.com\/\",\"logo\":{\"@type\":\"ImageObject\",\"inLanguage\":\"en-US\",\"@id\":\"https:\/\/beachvalencia.com\/#\/schema\/logo\/image\/\",\"url\":\"https:\/\/beachvalencia.com\/wp-content\/uploads\/2025\/02\/Beach-Valencia-Luxury-logotipo.png\",\"contentUrl\":\"https:\/\/beachvalencia.com\/wp-content\/uploads\/2025\/02\/Beach-Valencia-Luxury-logotipo.png\",\"width\":1237,\"height\":218,\"caption\":\"Beach Valencia\"},\"image\":{\"@id\":\"https:\/\/beachvalencia.com\/#\/schema\/logo\/image\/\"}}]}<\/script>\n<!-- \/ Yoast SEO plugin. -->","yoast_head_json":{"title":"Enjoy Valencia - Beach Valencia","robots":{"index":"index","follow":"follow","max-snippet":"max-snippet:-1","max-image-preview":"max-image-preview:large","max-video-preview":"max-video-preview:-1"},"canonical":"https:\/\/beachvalencia.com\/en\/enjoy-valencia\/","og_locale":"en_US","og_type":"article","og_title":"Enjoy Valencia - Beach Valencia","og_description":"Si buscas el mejor destino para unas vacaciones junto al mar, Valencia es una elecci\u00f3n perfecta. Sus playas de arena fina, su clima mediterr\u00e1neo y su oferta de actividades para adultos y ni\u00f1os la convierten en una ciudad ideal para disfrutar en cualquier \u00e9poca del a\u00f1o. Adem\u00e1s, si est\u00e1s organizando tu viaje, la mejor opci\u00f3n...","og_url":"https:\/\/beachvalencia.com\/en\/enjoy-valencia\/","og_site_name":"Beach Valencia","article_modified_time":"2025-05-13T15:33:22+00:00","og_image":[{"url":"https:\/\/beachvalencia.com\/wp-content\/uploads\/elementor\/thumbs\/playa-valencia-r2r007etd4gzbldfecxdzj60wfno0yfesfrhabffjk.jpg","type":"","width":"","height":""}],"twitter_card":"summary_large_image","twitter_misc":{"Est. reading time":"2 minutes"},"schema":{"@context":"https:\/\/schema.org","@graph":[{"@type":"WebPage","@id":"https:\/\/beachvalencia.com\/en\/enjoy-valencia\/","url":"https:\/\/beachvalencia.com\/en\/enjoy-valencia\/","name":"Enjoy Valencia - Beach Valencia","isPartOf":{"@id":"https:\/\/beachvalencia.com\/#website"},"primaryImageOfPage":{"@id":"https:\/\/beachvalencia.com\/en\/enjoy-valencia\/#primaryimage"},"image":{"@id":"https:\/\/beachvalencia.com\/en\/enjoy-valencia\/#primaryimage"},"thumbnailUrl":"https:\/\/beachvalencia.com\/wp-content\/uploads\/elementor\/thumbs\/playa-valencia-r2r007etd4gzbldfecxdzj60wfno0yfesfrhabffjk.jpg","datePublished":"2025-02-12T09:06:50+00:00","dateModified":"2025-05-13T15:33:22+00:00","breadcrumb":{"@id":"https:\/\/beachvalencia.com\/en\/enjoy-valencia\/#breadcrumb"},"inLanguage":"en-US","potentialAction":[{"@type":"ReadAction","target":["https:\/\/beachvalencia.com\/en\/enjoy-valencia\/"]}]},{"@type":"ImageObject","inLanguage":"en-US","@id":"https:\/\/beachvalencia.com\/en\/enjoy-valencia\/#primaryimage","url":"https:\/\/beachvalencia.com\/wp-content\/uploads\/elementor\/thumbs\/playa-valencia-r2r007etd4gzbldfecxdzj60wfno0yfesfrhabffjk.jpg","contentUrl":"https:\/\/beachvalencia.com\/wp-content\/uploads\/elementor\/thumbs\/playa-valencia-r2r007etd4gzbldfecxdzj60wfno0yfesfrhabffjk.jpg"},{"@type":"BreadcrumbList","@id":"https:\/\/beachvalencia.com\/en\/enjoy-valencia\/#breadcrumb","itemListElement":[{"@type":"ListItem","position":1,"name":"Portada","item":"https:\/\/beachvalencia.com\/en\/"},{"@type":"ListItem","position":2,"name":"Enjoy Valencia"}]},{"@type":"WebSite","@id":"https:\/\/beachvalencia.com\/#website","url":"https:\/\/beachvalencia.com\/","name":"Beach Valencia Luxury","description":"Servicios vacacionales","publisher":{"@id":"https:\/\/beachvalencia.com\/#organization"},"potentialAction":[{"@type":"SearchAction","target":{"@type":"EntryPoint","urlTemplate":"https:\/\/beachvalencia.com\/?s={search_term_string}"},"query-input":{"@type":"PropertyValueSpecification","valueRequired":true,"valueName":"search_term_string"}}],"inLanguage":"en-US"},{"@type":"Organization","@id":"https:\/\/beachvalencia.com\/#organization","name":"Beach Valencia","url":"https:\/\/beachvalencia.com\/","logo":{"@type":"ImageObject","inLanguage":"en-US","@id":"https:\/\/beachvalencia.com\/#\/schema\/logo\/image\/","url":"https:\/\/beachvalencia.com\/wp-content\/uploads\/2025\/02\/Beach-Valencia-Luxury-logotipo.png","contentUrl":"https:\/\/beachvalencia.com\/wp-content\/uploads\/2025\/02\/Beach-Valencia-Luxury-logotipo.png","width":1237,"height":218,"caption":"Beach Valencia"},"image":{"@id":"https:\/\/beachvalencia.com\/#\/schema\/logo\/image\/"}}]}},"_links":{"self":[{"href":"https:\/\/beachvalencia.com\/en\/wp-json\/wp\/v2\/pages\/2031","targetHints":{"allow":["GET"]}}],"collection":[{"href":"https:\/\/beachvalencia.com\/en\/wp-json\/wp\/v2\/pages"}],"about":[{"href":"https:\/\/beachvalencia.com\/en\/wp-json\/wp\/v2\/types\/page"}],"author":[{"embeddable":true,"href":"https:\/\/beachvalencia.com\/en\/wp-json\/wp\/v2\/users\/1"}],"replies":[{"embeddable":true,"href":"https:\/\/beachvalencia.com\/en\/wp-json\/wp\/v2\/comments?post=2031"}],"version-history":[{"count":8,"href":"https:\/\/beachvalencia.com\/en\/wp-json\/wp\/v2\/pages\/2031\/revisions"}],"predecessor-version":[{"id":2110,"href":"https:\/\/beachvalencia.com\/en\/wp-json\/wp\/v2\/pages\/2031\/revisions\/2110"}],"wp:attachment":[{"href":"https:\/\/beachvalencia.com\/en\/wp-json\/wp\/v2\/media?parent=2031"}],"curies":[{"name":"wp","href":"https:\/\/api.w.org\/{rel}","templated":true}]}}