{"id":2067,"date":"2025-03-12T16:59:40","date_gmt":"2025-03-12T15:59:40","guid":{"rendered":"https:\/\/beachvalencia.com\/enjoy-valencia\/naturaleza-y-excursiones-descubre-la-albufera\/"},"modified":"2025-05-13T17:12:46","modified_gmt":"2025-05-13T15:12:46","slug":"nature-and-excursions-discover-the-albufera","status":"publish","type":"page","link":"https:\/\/beachvalencia.com\/en\/enjoy-valencia\/nature-and-excursions-discover-the-albufera\/","title":{"rendered":"Nature and Excursions: Discover the Albufera"},"content":{"rendered":"\t\t<div data-elementor-type=\"wp-page\" data-elementor-id=\"2067\" class=\"elementor elementor-2067 elementor-1552\">\n\t\t\t\t<div class=\"elementor-element elementor-element-0d629e6 e-flex e-con-boxed e-con e-parent\" data-id=\"0d629e6\" data-element_type=\"container\">\n\t\t\t\t\t<div class=\"e-con-inner\">\n\t\t\t\t<div class=\"elementor-element elementor-element-36ed878 elementor-widget elementor-widget-image\" data-id=\"36ed878\" data-element_type=\"widget\" data-widget_type=\"image.default\">\n\t\t\t\t<div class=\"elementor-widget-container\">\n\t\t\t\t\t\t\t\t\t\t\t\t\t\t\t\t<a href=\"https:\/\/beachvalencia.com\/wp-content\/uploads\/2025\/05\/29.Albufera-HORIZONTAL.jpg\" data-elementor-open-lightbox=\"yes\" data-e-action-hash=\"#elementor-action%3Aaction%3Dlightbox%26settings%3DeyJpZCI6MTkxNywidXJsIjoiaHR0cHM6XC9cL2JlYWNodmFsZW5jaWEuY29tXC93cC1jb250ZW50XC91cGxvYWRzXC8yMDI1XC8wNVwvMjkuQWxidWZlcmEtSE9SSVpPTlRBTC5qcGcifQ%3D%3D\">\n\t\t\t\t\t\t\t<img decoding=\"async\" src=\"https:\/\/beachvalencia.com\/wp-content\/uploads\/elementor\/thumbs\/29.Albufera-HORIZONTAL-r5jmmrqrak5vsdlllp4btrj5lof0xx8dv46qm5xcp4.jpg\" title=\"29.Albufera HORIZONTAL\" alt=\"29.Albufera HORIZONTAL\" loading=\"lazy\" \/>\t\t\t\t\t\t\t\t<\/a>\n\t\t\t\t\t\t\t\t\t\t\t\t\t\t\t<\/div>\n\t\t\t\t<\/div>\n\t\t\t\t<div class=\"elementor-element elementor-element-6d653c4 elementor-widget elementor-widget-text-editor\" data-id=\"6d653c4\" data-element_type=\"widget\" data-widget_type=\"text-editor.default\">\n\t\t\t\t<div class=\"elementor-widget-container\">\n\t\t\t\t\t\t\t\t\t<p>The Albufera of Valencia is a unique natural space located just 10 kilometers south of the city. This natural park, declared as such in 1986, is a freshwater coastal lagoon surrounded by rice fields and separated from the Mediterranean Sea by a strip of dunes and pine forests known as the Dehesa del Saler. It is the largest lake in Spain and a sanctuary for more than 300 species of birds, making it a place of great ecological and cultural value.<\/p><p><strong>Differentiating Values:<\/strong><\/p><ul><li><strong>Biodiversity:<\/strong> The Albufera is home to unique species of flora and fauna, including migratory birds and endemic fish.<\/li><li><strong>Culture and Tradition:<\/strong> It is the birthplace of the Valencian paella and a symbol of local identity.<\/li><li><strong>Unique Landscape:<\/strong> It combines rice fields, lagoons, dunes, and forests, offering a diverse and picturesque natural environment.<\/li><\/ul>\t\t\t\t\t\t\t\t<\/div>\n\t\t\t\t<\/div>\n\t\t\t\t\t<\/div>\n\t\t\t\t<\/div>\n\t\t<div class=\"elementor-element elementor-element-a7838af e-flex e-con-boxed e-con e-parent\" data-id=\"a7838af\" data-element_type=\"container\" data-settings=\"{&quot;background_background&quot;:&quot;classic&quot;}\">\n\t\t\t\t\t<div class=\"e-con-inner\">\n\t\t\t\t<div class=\"elementor-element elementor-element-f0531dc elementor-widget elementor-widget-heading\" data-id=\"f0531dc\" data-element_type=\"widget\" data-widget_type=\"heading.default\">\n\t\t\t\t<div class=\"elementor-widget-container\">\n\t\t\t\t\t<h3 class=\"elementor-heading-title elementor-size-default\">What to Visit in the Albufera<\/h3>\t\t\t\t<\/div>\n\t\t\t\t<\/div>\n\t\t\t\t\t<\/div>\n\t\t\t\t<\/div>\n\t\t<div class=\"elementor-element elementor-element-160e694 e-flex e-con-boxed e-con e-parent\" data-id=\"160e694\" data-element_type=\"container\" data-settings=\"{&quot;background_background&quot;:&quot;classic&quot;}\">\n\t\t\t\t\t<div class=\"e-con-inner\">\n\t\t\t\t<div class=\"elementor-element elementor-element-7fdca05 elementor-widget__width-initial elementor-widget elementor-widget-ha-member happy-addon ha-member\" data-id=\"7fdca05\" data-element_type=\"widget\" data-widget_type=\"ha-member.default\">\n\t\t\t\t<div class=\"elementor-widget-container\">\n\t\t\t\t\t\n\t\t\t\t\t<figure class=\"ha-member-figure\">\n\t\t\t\t<img decoding=\"async\" src=\"https:\/\/beachvalencia.com\/wp-content\/uploads\/elementor\/thumbs\/30.El-lago-de-la-Albufera-e1746782835795-r5jsiyt454n6rbdfix5c7pu9c4j1m2my1e1ttxau14.jpg\" title=\"30.El lago de la Albufera\" alt=\"30.El lago de la Albufera\" class=\"elementor-animation-disable-animation\" loading=\"lazy\" \/>\t\t\t<\/figure>\n\t\t\n\t\t<div class=\"ha-member-body\">\n\t\t\t<h3 class=\"ha-member-name\">The Albufera Lake<\/h3>\n\t\t\t\t\t\t\t<div class=\"ha-member-position\">The heart of the park, perfect for traditional boat rides in vessels known as \"albuferencs.\" The sunsets here are spectacular.<\/div>\n\t\t\t\n\t\t\t\n\t\t\t\n\t\t\t\n\t\t\t\t\t<\/div>\n\t\t\t\t\t\t<\/div>\n\t\t\t\t<\/div>\n\t\t\t\t<div class=\"elementor-element elementor-element-fddadd2 elementor-widget__width-initial elementor-widget elementor-widget-ha-member happy-addon ha-member\" data-id=\"fddadd2\" data-element_type=\"widget\" data-widget_type=\"ha-member.default\">\n\t\t\t\t<div class=\"elementor-widget-container\">\n\t\t\t\t\t\n\t\t\t\t\t<figure class=\"ha-member-figure\">\n\t\t\t\t<img decoding=\"async\" src=\"https:\/\/beachvalencia.com\/wp-content\/uploads\/elementor\/thumbs\/31.La-Dehesa-del-Saler-r5jslt9iu2jfwt8lwnfo9hzi34i1x2xorh5r532x6w.jpg\" title=\"31.La Dehesa del Saler\" alt=\"31.La Dehesa del Saler\" class=\"elementor-animation-disable-animation\" loading=\"lazy\" \/>\t\t\t<\/figure>\n\t\t\n\t\t<div class=\"ha-member-body\">\n\t\t\t<h3 class=\"ha-member-name\">Dehesa del Saler<\/h3>\n\t\t\t\t\t\t\t<div class=\"ha-member-position\">A pine forest and dunes that separate the lagoon from the sea. It offers hiking trails and viewpoints.<\/div>\n\t\t\t\n\t\t\t\t\t\t\t<div class=\"ha-member-bio\">\n\t\t\t\t\t<p>\n<\/p>\n\t\t\t\t<\/div>\n\t\t\t\n\t\t\t\n\t\t\t\n\t\t\t\t\t<\/div>\n\t\t\t\t\t\t<\/div>\n\t\t\t\t<\/div>\n\t\t\t\t<div class=\"elementor-element elementor-element-f10654e elementor-widget__width-initial elementor-widget elementor-widget-ha-member happy-addon ha-member\" data-id=\"f10654e\" data-element_type=\"widget\" data-widget_type=\"ha-member.default\">\n\t\t\t\t<div class=\"elementor-widget-container\">\n\t\t\t\t\t\n\t\t\t\t\t<figure class=\"ha-member-figure\">\n\t\t\t\t<img decoding=\"async\" src=\"https:\/\/beachvalencia.com\/wp-content\/uploads\/elementor\/thumbs\/32.El-Palmar-r5jmn1556wir0h7y2t6lip5rjj4p2w9p8eplexjeyw.jpg\" title=\"32.El Palmar\" alt=\"32.El Palmar\" class=\"elementor-animation-disable-animation\" loading=\"lazy\" \/>\t\t\t<\/figure>\n\t\t\n\t\t<div class=\"ha-member-body\">\n\t\t\t<h3 class=\"ha-member-name\">El Palmar<\/h3>\n\t\t\t\t\t\t\t<div class=\"ha-member-position\">A picturesque village known for its paella restaurants and tranquil atmosphere.<\/div>\n\t\t\t\n\t\t\t\t\t\t\t<div class=\"ha-member-bio\">\n\t\t\t\t\t<p>\n<\/p>\n\t\t\t\t<\/div>\n\t\t\t\n\t\t\t\n\t\t\t\n\t\t\t\t\t<\/div>\n\t\t\t\t\t\t<\/div>\n\t\t\t\t<\/div>\n\t\t\t\t<div class=\"elementor-element elementor-element-33fe55f elementor-widget__width-initial elementor-widget elementor-widget-ha-member happy-addon ha-member\" data-id=\"33fe55f\" data-element_type=\"widget\" data-widget_type=\"ha-member.default\">\n\t\t\t\t<div class=\"elementor-widget-container\">\n\t\t\t\t\t\n\t\t\t\t\t<figure class=\"ha-member-figure\">\n\t\t\t\t<img decoding=\"async\" src=\"https:\/\/beachvalencia.com\/wp-content\/uploads\/elementor\/thumbs\/33.Mirador-de-la-Gola-de-Pujol-r5jmn5uc52p6mj14bd7qd5z2ighj5dscx1z0tbcg3s.jpg\" title=\"33.Mirador de la Gola de Pujol\" alt=\"33.Mirador de la Gola de Pujol\" class=\"elementor-animation-disable-animation\" loading=\"lazy\" \/>\t\t\t<\/figure>\n\t\t\n\t\t<div class=\"ha-member-body\">\n\t\t\t<h3 class=\"ha-member-name\">Mirador de la Gola de Pujol<\/h3>\n\t\t\t\t\t\t\t<div class=\"ha-member-position\">A perfect spot for birdwatching and enjoying panoramic views of the park.<\/div>\n\t\t\t\n\t\t\t\t\t\t\t<div class=\"ha-member-bio\">\n\t\t\t\t\t<p>\n<\/p>\n\t\t\t\t<\/div>\n\t\t\t\n\t\t\t\n\t\t\t\n\t\t\t\t\t<\/div>\n\t\t\t\t\t\t<\/div>\n\t\t\t\t<\/div>\n\t\t\t\t\t<\/div>\n\t\t\t\t<\/div>\n\t\t<div class=\"elementor-element elementor-element-f37cd3e e-flex e-con-boxed e-con e-parent\" data-id=\"f37cd3e\" data-element_type=\"container\" data-settings=\"{&quot;background_background&quot;:&quot;classic&quot;}\">\n\t\t\t\t\t<div class=\"e-con-inner\">\n\t\t\t\t<div class=\"elementor-element elementor-element-7c5af17 elementor-widget elementor-widget-heading\" data-id=\"7c5af17\" data-element_type=\"widget\" data-widget_type=\"heading.default\">\n\t\t\t\t<div class=\"elementor-widget-container\">\n\t\t\t\t\t<h3 class=\"elementor-heading-title elementor-size-default\">What to Do in the Albufera<\/h3>\t\t\t\t<\/div>\n\t\t\t\t<\/div>\n\t\t\t\t\t<\/div>\n\t\t\t\t<\/div>\n\t\t<div class=\"elementor-element elementor-element-1f251ac e-flex e-con-boxed e-con e-parent\" data-id=\"1f251ac\" data-element_type=\"container\" data-settings=\"{&quot;background_background&quot;:&quot;classic&quot;}\">\n\t\t\t\t\t<div class=\"e-con-inner\">\n\t\t\t\t<div class=\"elementor-element elementor-element-b404b75 elementor-widget__width-initial elementor-widget elementor-widget-ha-member happy-addon ha-member\" data-id=\"b404b75\" data-element_type=\"widget\" data-widget_type=\"ha-member.default\">\n\t\t\t\t<div class=\"elementor-widget-container\">\n\t\t\t\t\t\n\t\t\t\t\t<figure class=\"ha-member-figure\">\n\t\t\t\t<img decoding=\"async\" src=\"https:\/\/beachvalencia.com\/wp-content\/uploads\/elementor\/thumbs\/34.-Paseos-en-barca-Albufera-r5jmn9loweubwyvnpeu8n50wvzz0067a9kkyqf6vew.jpg\" title=\"34. Paseos en barca Albufera\" alt=\"34. Paseos en barca Albufera\" class=\"elementor-animation-disable-animation\" loading=\"lazy\" \/>\t\t\t<\/figure>\n\t\t\n\t\t<div class=\"ha-member-body\">\n\t\t\t<h3 class=\"ha-member-name\">Boat Rides<\/h3>\n\t\t\t\t\t\t\t<div class=\"ha-member-position\">A must-do activity to explore the lake and enjoy its tranquility.<\/div>\n\t\t\t\n\t\t\t\n\t\t\t\n\t\t\t\n\t\t\t\t\t<\/div>\n\t\t\t\t\t\t<\/div>\n\t\t\t\t<\/div>\n\t\t\t\t<div class=\"elementor-element elementor-element-a97bd20 elementor-widget__width-initial elementor-widget elementor-widget-ha-member happy-addon ha-member\" data-id=\"a97bd20\" data-element_type=\"widget\" data-widget_type=\"ha-member.default\">\n\t\t\t\t<div class=\"elementor-widget-container\">\n\t\t\t\t\t\n\t\t\t\t\t<figure class=\"ha-member-figure\">\n\t\t\t\t<img decoding=\"async\" src=\"https:\/\/beachvalencia.com\/wp-content\/uploads\/elementor\/thumbs\/35.Senderismo-y-ciclismo-Albufera-r5jmwnzl8rpk0l84th3xkrmuqpn4z7ink3fri1956w.jpg\" title=\"35.Senderismo y ciclismo Albufera\" alt=\"35.Senderismo y ciclismo Albufera\" class=\"elementor-animation-disable-animation\" loading=\"lazy\" \/>\t\t\t<\/figure>\n\t\t\n\t\t<div class=\"ha-member-body\">\n\t\t\t<h3 class=\"ha-member-name\">Hiking and Cycling<\/h3>\n\t\t\t\t\t\t\t<div class=\"ha-member-position\">Marked routes in the Dehesa del Saler and the surrounding park areas.<\/div>\n\t\t\t\n\t\t\t\t\t\t\t<div class=\"ha-member-bio\">\n\t\t\t\t\t<p>\n<\/p>\n\t\t\t\t<\/div>\n\t\t\t\n\t\t\t\n\t\t\t\n\t\t\t\t\t<\/div>\n\t\t\t\t\t\t<\/div>\n\t\t\t\t<\/div>\n\t\t\t\t<div class=\"elementor-element elementor-element-a419137 elementor-widget__width-initial elementor-widget elementor-widget-ha-member happy-addon ha-member\" data-id=\"a419137\" data-element_type=\"widget\" data-widget_type=\"ha-member.default\">\n\t\t\t\t<div class=\"elementor-widget-container\">\n\t\t\t\t\t\n\t\t\t\t\t<figure class=\"ha-member-figure\">\n\t\t\t\t<img decoding=\"async\" src=\"https:\/\/beachvalencia.com\/wp-content\/uploads\/elementor\/thumbs\/36.Observacion-de-aves-Albufera-r5jsozxtzuwf98m1b105pp1qk4su05kxv8qzoucw3s.jpg\" title=\"Recently fledged juvenile Black-winged stilt Himantopus himantopus\" alt=\"Juvenile of the year Black-winged stilt Himantopus himantopus foraging in shallow water, Ghadira Nature Reserve, Malta, Mediterranean\" class=\"elementor-animation-disable-animation\" loading=\"lazy\" \/>\t\t\t<\/figure>\n\t\t\n\t\t<div class=\"ha-member-body\">\n\t\t\t<h3 class=\"ha-member-name\">Birdwatching<\/h3>\n\t\t\t\t\t\t\t<div class=\"ha-member-position\">Especially during migration seasons, it\u2019s a paradise for ornithology enthusiasts.<\/div>\n\t\t\t\n\t\t\t\t\t\t\t<div class=\"ha-member-bio\">\n\t\t\t\t\t<p>\n<\/p>\n\t\t\t\t<\/div>\n\t\t\t\n\t\t\t\n\t\t\t\n\t\t\t\t\t<\/div>\n\t\t\t\t\t\t<\/div>\n\t\t\t\t<\/div>\n\t\t\t\t<div class=\"elementor-element elementor-element-463d4c9 elementor-widget__width-initial elementor-widget elementor-widget-ha-member happy-addon ha-member\" data-id=\"463d4c9\" data-element_type=\"widget\" data-widget_type=\"ha-member.default\">\n\t\t\t\t<div class=\"elementor-widget-container\">\n\t\t\t\t\t\n\t\t\t\t\t<figure class=\"ha-member-figure\">\n\t\t\t\t<img decoding=\"async\" src=\"https:\/\/beachvalencia.com\/wp-content\/uploads\/elementor\/thumbs\/37.Fotografia-de-paisajes-Albufera-r5jmwtmmdrx9y8zxwjjozq7mb0vc9e51kvcodp0s5k.jpg\" title=\"37.Fotograf\u00eda de paisajes Albufera\" alt=\"37.Fotograf\u00eda de paisajes Albufera\" class=\"elementor-animation-disable-animation\" loading=\"lazy\" \/>\t\t\t<\/figure>\n\t\t\n\t\t<div class=\"ha-member-body\">\n\t\t\t<h3 class=\"ha-member-name\">Landscape Photography<\/h3>\n\t\t\t\t\t\t\t<div class=\"ha-member-position\">The contrasts between the water, rice fields, and sky offer unique opportunities to capture stunning images.<\/div>\n\t\t\t\n\t\t\t\t\t\t\t<div class=\"ha-member-bio\">\n\t\t\t\t\t<p>\n<\/p>\n\t\t\t\t<\/div>\n\t\t\t\n\t\t\t\n\t\t\t\n\t\t\t\t\t<\/div>\n\t\t\t\t\t\t<\/div>\n\t\t\t\t<\/div>\n\t\t\t\t\t<\/div>\n\t\t\t\t<\/div>\n\t\t<div class=\"elementor-element elementor-element-133e2a2 elementor-hidden-desktop elementor-hidden-tablet elementor-hidden-mobile e-flex e-con-boxed e-con e-parent\" data-id=\"133e2a2\" data-element_type=\"container\" data-settings=\"{&quot;background_background&quot;:&quot;classic&quot;}\">\n\t\t\t\t\t<div class=\"e-con-inner\">\n\t\t\t\t<div class=\"elementor-element elementor-element-f1450b4 elementor-widget elementor-widget-heading\" data-id=\"f1450b4\" data-element_type=\"widget\" data-widget_type=\"heading.default\">\n\t\t\t\t<div class=\"elementor-widget-container\">\n\t\t\t\t\t<h3 class=\"elementor-heading-title elementor-size-default\">D\u00f3nde comer y disfrutar<\/h3>\t\t\t\t<\/div>\n\t\t\t\t<\/div>\n\t\t\t\t\t<\/div>\n\t\t\t\t<\/div>\n\t\t<div class=\"elementor-element elementor-element-e0ca106 elementor-hidden-desktop elementor-hidden-tablet elementor-hidden-mobile e-flex e-con-boxed e-con e-parent\" data-id=\"e0ca106\" data-element_type=\"container\" data-settings=\"{&quot;background_background&quot;:&quot;classic&quot;}\">\n\t\t\t\t\t<div class=\"e-con-inner\">\n\t\t\t\t<div class=\"elementor-element elementor-element-8702ac8 elementor-widget__width-initial elementor-widget elementor-widget-ha-member happy-addon ha-member\" data-id=\"8702ac8\" data-element_type=\"widget\" data-widget_type=\"ha-member.default\">\n\t\t\t\t<div class=\"elementor-widget-container\">\n\t\t\t\t\t\n\t\t\n\t\t<div class=\"ha-member-body\">\n\t\t\t<h3 class=\"ha-member-name\">Restaurante Mateu<\/h3>\n\t\t\t\t\t\t\t<div class=\"ha-member-position\">Especializado en paellas y platos tradicionales como el all-i-pebre<\/div>\n\t\t\t\n\t\t\t\t\t\t\t<div class=\"ha-member-bio\">\n\t\t\t\t\t<p>Direcci\u00f3n: Calle Pintor Mart\u00ed Girb\u00e9s, 23, El Palmar<br \/>\nTel\u00e9fono: 961 62 01 01<\/p>\n\t\t\t\t<\/div>\n\t\t\t\n\t\t\t\n\t\t\t\n\t\t\t\t\t<\/div>\n\t\t\t\t\t\t<\/div>\n\t\t\t\t<\/div>\n\t\t\t\t\t<\/div>\n\t\t\t\t<\/div>\n\t\t\t\t<\/div>\n\t\t","protected":false},"excerpt":{"rendered":"<p>The Albufera of Valencia is a unique natural space located just 10 kilometers south of the city. This natural park, declared as such in 1986, is a freshwater coastal lagoon surrounded by rice fields and separated from the Mediterranean Sea by a strip of dunes and pine forests known as the Dehesa del Saler. It&#8230;<\/p>\n","protected":false},"author":1,"featured_media":0,"parent":2031,"menu_order":0,"comment_status":"closed","ping_status":"closed","template":"","meta":{"_acf_changed":false,"_kad_post_transparent":"default","_kad_post_title":"above","_kad_post_layout":"fullwidth","_kad_post_sidebar_id":"","_kad_post_content_style":"unboxed","_kad_post_vertical_padding":"hide","_kad_post_feature":"hide","_kad_post_feature_position":"","_kad_post_header":false,"_kad_post_footer":false,"footnotes":""},"class_list":["post-2067","page","type-page","status-publish","hentry"],"acf":[],"yoast_head":"<!-- This site is optimized with the Yoast SEO plugin v25.4 - https:\/\/yoast.com\/wordpress\/plugins\/seo\/ -->\n<title>Nature and Excursions: Discover the Albufera - Beach Valencia<\/title>\n<meta name=\"robots\" content=\"index, follow, max-snippet:-1, max-image-preview:large, max-video-preview:-1\" \/>\n<link rel=\"canonical\" href=\"https:\/\/beachvalencia.com\/en\/enjoy-valencia\/nature-and-excursions-discover-the-albufera\/\" \/>\n<meta property=\"og:locale\" content=\"en_US\" \/>\n<meta property=\"og:type\" content=\"article\" \/>\n<meta property=\"og:title\" content=\"Nature and Excursions: Discover the Albufera - Beach Valencia\" \/>\n<meta property=\"og:description\" content=\"The Albufera of Valencia is a unique natural space located just 10 kilometers south of the city. This natural park, declared as such in 1986, is a freshwater coastal lagoon surrounded by rice fields and separated from the Mediterranean Sea by a strip of dunes and pine forests known as the Dehesa del Saler. It...\" \/>\n<meta property=\"og:url\" content=\"https:\/\/beachvalencia.com\/en\/enjoy-valencia\/nature-and-excursions-discover-the-albufera\/\" \/>\n<meta property=\"og:site_name\" content=\"Beach Valencia\" \/>\n<meta property=\"article:modified_time\" content=\"2025-05-13T15:12:46+00:00\" \/>\n<meta property=\"og:image\" content=\"https:\/\/beachvalencia.com\/wp-content\/uploads\/elementor\/thumbs\/29.Albufera-HORIZONTAL-r5jmmrqrak5vsdlllp4btrj5lof0xx8dv46qm5xcp4.jpg\" \/>\n<meta name=\"twitter:card\" content=\"summary_large_image\" \/>\n<meta name=\"twitter:label1\" content=\"Est. reading time\" \/>\n\t<meta name=\"twitter:data1\" content=\"4 minutes\" \/>\n<script type=\"application\/ld+json\" class=\"yoast-schema-graph\">{\"@context\":\"https:\/\/schema.org\",\"@graph\":[{\"@type\":\"WebPage\",\"@id\":\"https:\/\/beachvalencia.com\/en\/enjoy-valencia\/nature-and-excursions-discover-the-albufera\/\",\"url\":\"https:\/\/beachvalencia.com\/en\/enjoy-valencia\/nature-and-excursions-discover-the-albufera\/\",\"name\":\"Nature and Excursions: Discover the Albufera - Beach Valencia\",\"isPartOf\":{\"@id\":\"https:\/\/beachvalencia.com\/#website\"},\"primaryImageOfPage\":{\"@id\":\"https:\/\/beachvalencia.com\/en\/enjoy-valencia\/nature-and-excursions-discover-the-albufera\/#primaryimage\"},\"image\":{\"@id\":\"https:\/\/beachvalencia.com\/en\/enjoy-valencia\/nature-and-excursions-discover-the-albufera\/#primaryimage\"},\"thumbnailUrl\":\"https:\/\/beachvalencia.com\/wp-content\/uploads\/elementor\/thumbs\/29.Albufera-HORIZONTAL-r5jmmrqrak5vsdlllp4btrj5lof0xx8dv46qm5xcp4.jpg\",\"datePublished\":\"2025-03-12T15:59:40+00:00\",\"dateModified\":\"2025-05-13T15:12:46+00:00\",\"breadcrumb\":{\"@id\":\"https:\/\/beachvalencia.com\/en\/enjoy-valencia\/nature-and-excursions-discover-the-albufera\/#breadcrumb\"},\"inLanguage\":\"en-US\",\"potentialAction\":[{\"@type\":\"ReadAction\",\"target\":[\"https:\/\/beachvalencia.com\/en\/enjoy-valencia\/nature-and-excursions-discover-the-albufera\/\"]}]},{\"@type\":\"ImageObject\",\"inLanguage\":\"en-US\",\"@id\":\"https:\/\/beachvalencia.com\/en\/enjoy-valencia\/nature-and-excursions-discover-the-albufera\/#primaryimage\",\"url\":\"https:\/\/beachvalencia.com\/wp-content\/uploads\/elementor\/thumbs\/29.Albufera-HORIZONTAL-r5jmmrqrak5vsdlllp4btrj5lof0xx8dv46qm5xcp4.jpg\",\"contentUrl\":\"https:\/\/beachvalencia.com\/wp-content\/uploads\/elementor\/thumbs\/29.Albufera-HORIZONTAL-r5jmmrqrak5vsdlllp4btrj5lof0xx8dv46qm5xcp4.jpg\"},{\"@type\":\"BreadcrumbList\",\"@id\":\"https:\/\/beachvalencia.com\/en\/enjoy-valencia\/nature-and-excursions-discover-the-albufera\/#breadcrumb\",\"itemListElement\":[{\"@type\":\"ListItem\",\"position\":1,\"name\":\"Portada\",\"item\":\"https:\/\/beachvalencia.com\/en\/\"},{\"@type\":\"ListItem\",\"position\":2,\"name\":\"Enjoy Valencia\",\"item\":\"https:\/\/beachvalencia.com\/en\/enjoy-valencia\/\"},{\"@type\":\"ListItem\",\"position\":3,\"name\":\"Nature and Excursions: Discover the Albufera\"}]},{\"@type\":\"WebSite\",\"@id\":\"https:\/\/beachvalencia.com\/#website\",\"url\":\"https:\/\/beachvalencia.com\/\",\"name\":\"Beach Valencia Luxury\",\"description\":\"Servicios vacacionales\",\"publisher\":{\"@id\":\"https:\/\/beachvalencia.com\/#organization\"},\"potentialAction\":[{\"@type\":\"SearchAction\",\"target\":{\"@type\":\"EntryPoint\",\"urlTemplate\":\"https:\/\/beachvalencia.com\/?s={search_term_string}\"},\"query-input\":{\"@type\":\"PropertyValueSpecification\",\"valueRequired\":true,\"valueName\":\"search_term_string\"}}],\"inLanguage\":\"en-US\"},{\"@type\":\"Organization\",\"@id\":\"https:\/\/beachvalencia.com\/#organization\",\"name\":\"Beach Valencia\",\"url\":\"https:\/\/beachvalencia.com\/\",\"logo\":{\"@type\":\"ImageObject\",\"inLanguage\":\"en-US\",\"@id\":\"https:\/\/beachvalencia.com\/#\/schema\/logo\/image\/\",\"url\":\"https:\/\/beachvalencia.com\/wp-content\/uploads\/2025\/02\/Beach-Valencia-Luxury-logotipo.png\",\"contentUrl\":\"https:\/\/beachvalencia.com\/wp-content\/uploads\/2025\/02\/Beach-Valencia-Luxury-logotipo.png\",\"width\":1237,\"height\":218,\"caption\":\"Beach Valencia\"},\"image\":{\"@id\":\"https:\/\/beachvalencia.com\/#\/schema\/logo\/image\/\"}}]}<\/script>\n<!-- \/ Yoast SEO plugin. -->","yoast_head_json":{"title":"Nature and Excursions: Discover the Albufera - Beach Valencia","robots":{"index":"index","follow":"follow","max-snippet":"max-snippet:-1","max-image-preview":"max-image-preview:large","max-video-preview":"max-video-preview:-1"},"canonical":"https:\/\/beachvalencia.com\/en\/enjoy-valencia\/nature-and-excursions-discover-the-albufera\/","og_locale":"en_US","og_type":"article","og_title":"Nature and Excursions: Discover the Albufera - Beach Valencia","og_description":"The Albufera of Valencia is a unique natural space located just 10 kilometers south of the city. This natural park, declared as such in 1986, is a freshwater coastal lagoon surrounded by rice fields and separated from the Mediterranean Sea by a strip of dunes and pine forests known as the Dehesa del Saler. It...","og_url":"https:\/\/beachvalencia.com\/en\/enjoy-valencia\/nature-and-excursions-discover-the-albufera\/","og_site_name":"Beach Valencia","article_modified_time":"2025-05-13T15:12:46+00:00","og_image":[{"url":"https:\/\/beachvalencia.com\/wp-content\/uploads\/elementor\/thumbs\/29.Albufera-HORIZONTAL-r5jmmrqrak5vsdlllp4btrj5lof0xx8dv46qm5xcp4.jpg","type":"","width":"","height":""}],"twitter_card":"summary_large_image","twitter_misc":{"Est. reading time":"4 minutes"},"schema":{"@context":"https:\/\/schema.org","@graph":[{"@type":"WebPage","@id":"https:\/\/beachvalencia.com\/en\/enjoy-valencia\/nature-and-excursions-discover-the-albufera\/","url":"https:\/\/beachvalencia.com\/en\/enjoy-valencia\/nature-and-excursions-discover-the-albufera\/","name":"Nature and Excursions: Discover the Albufera - Beach Valencia","isPartOf":{"@id":"https:\/\/beachvalencia.com\/#website"},"primaryImageOfPage":{"@id":"https:\/\/beachvalencia.com\/en\/enjoy-valencia\/nature-and-excursions-discover-the-albufera\/#primaryimage"},"image":{"@id":"https:\/\/beachvalencia.com\/en\/enjoy-valencia\/nature-and-excursions-discover-the-albufera\/#primaryimage"},"thumbnailUrl":"https:\/\/beachvalencia.com\/wp-content\/uploads\/elementor\/thumbs\/29.Albufera-HORIZONTAL-r5jmmrqrak5vsdlllp4btrj5lof0xx8dv46qm5xcp4.jpg","datePublished":"2025-03-12T15:59:40+00:00","dateModified":"2025-05-13T15:12:46+00:00","breadcrumb":{"@id":"https:\/\/beachvalencia.com\/en\/enjoy-valencia\/nature-and-excursions-discover-the-albufera\/#breadcrumb"},"inLanguage":"en-US","potentialAction":[{"@type":"ReadAction","target":["https:\/\/beachvalencia.com\/en\/enjoy-valencia\/nature-and-excursions-discover-the-albufera\/"]}]},{"@type":"ImageObject","inLanguage":"en-US","@id":"https:\/\/beachvalencia.com\/en\/enjoy-valencia\/nature-and-excursions-discover-the-albufera\/#primaryimage","url":"https:\/\/beachvalencia.com\/wp-content\/uploads\/elementor\/thumbs\/29.Albufera-HORIZONTAL-r5jmmrqrak5vsdlllp4btrj5lof0xx8dv46qm5xcp4.jpg","contentUrl":"https:\/\/beachvalencia.com\/wp-content\/uploads\/elementor\/thumbs\/29.Albufera-HORIZONTAL-r5jmmrqrak5vsdlllp4btrj5lof0xx8dv46qm5xcp4.jpg"},{"@type":"BreadcrumbList","@id":"https:\/\/beachvalencia.com\/en\/enjoy-valencia\/nature-and-excursions-discover-the-albufera\/#breadcrumb","itemListElement":[{"@type":"ListItem","position":1,"name":"Portada","item":"https:\/\/beachvalencia.com\/en\/"},{"@type":"ListItem","position":2,"name":"Enjoy Valencia","item":"https:\/\/beachvalencia.com\/en\/enjoy-valencia\/"},{"@type":"ListItem","position":3,"name":"Nature and Excursions: Discover the Albufera"}]},{"@type":"WebSite","@id":"https:\/\/beachvalencia.com\/#website","url":"https:\/\/beachvalencia.com\/","name":"Beach Valencia Luxury","description":"Servicios vacacionales","publisher":{"@id":"https:\/\/beachvalencia.com\/#organization"},"potentialAction":[{"@type":"SearchAction","target":{"@type":"EntryPoint","urlTemplate":"https:\/\/beachvalencia.com\/?s={search_term_string}"},"query-input":{"@type":"PropertyValueSpecification","valueRequired":true,"valueName":"search_term_string"}}],"inLanguage":"en-US"},{"@type":"Organization","@id":"https:\/\/beachvalencia.com\/#organization","name":"Beach Valencia","url":"https:\/\/beachvalencia.com\/","logo":{"@type":"ImageObject","inLanguage":"en-US","@id":"https:\/\/beachvalencia.com\/#\/schema\/logo\/image\/","url":"https:\/\/beachvalencia.com\/wp-content\/uploads\/2025\/02\/Beach-Valencia-Luxury-logotipo.png","contentUrl":"https:\/\/beachvalencia.com\/wp-content\/uploads\/2025\/02\/Beach-Valencia-Luxury-logotipo.png","width":1237,"height":218,"caption":"Beach Valencia"},"image":{"@id":"https:\/\/beachvalencia.com\/#\/schema\/logo\/image\/"}}]}},"_links":{"self":[{"href":"https:\/\/beachvalencia.com\/en\/wp-json\/wp\/v2\/pages\/2067","targetHints":{"allow":["GET"]}}],"collection":[{"href":"https:\/\/beachvalencia.com\/en\/wp-json\/wp\/v2\/pages"}],"about":[{"href":"https:\/\/beachvalencia.com\/en\/wp-json\/wp\/v2\/types\/page"}],"author":[{"embeddable":true,"href":"https:\/\/beachvalencia.com\/en\/wp-json\/wp\/v2\/users\/1"}],"replies":[{"embeddable":true,"href":"https:\/\/beachvalencia.com\/en\/wp-json\/wp\/v2\/comments?post=2067"}],"version-history":[{"count":4,"href":"https:\/\/beachvalencia.com\/en\/wp-json\/wp\/v2\/pages\/2067\/revisions"}],"predecessor-version":[{"id":2072,"href":"https:\/\/beachvalencia.com\/en\/wp-json\/wp\/v2\/pages\/2067\/revisions\/2072"}],"up":[{"embeddable":true,"href":"https:\/\/beachvalencia.com\/en\/wp-json\/wp\/v2\/pages\/2031"}],"wp:attachment":[{"href":"https:\/\/beachvalencia.com\/en\/wp-json\/wp\/v2\/media?parent=2067"}],"curies":[{"name":"wp","href":"https:\/\/api.w.org\/{rel}","templated":true}]}}